{"id":85,"date":"2025-03-19T14:21:36","date_gmt":"2025-03-19T11:21:36","guid":{"rendered":"https:\/\/beautyandvintage.com\/?post_type=product&#038;p=85"},"modified":"2026-03-08T01:02:14","modified_gmt":"2026-03-07T22:02:14","slug":"krema-prosopou-lorem-ipsum-antigrafi","status":"publish","type":"product","link":"https:\/\/beautyandvintage.com\/en\/product\/krema-prosopou-lorem-ipsum-antigrafi\/","title":{"rendered":"S\u00e9r\u00e9nit\u00e9 d\u2019Or \u2013 FLEUR DE PRUNIER Luminous Body Oil 100ml"},"content":{"rendered":"<p class=\"\" data-start=\"174\" data-end=\"530\">\u0395\u03bc\u03c0\u03bd\u03b5\u03c5\u03c3\u03bc\u03ad\u03bd\u03bf \u03b1\u03c0\u03cc \u03c4\u03b9\u03c2 \u03c0\u03c1\u03ce\u03c4\u03b5\u03c2 \u03c0\u03c1\u03c9\u03b9\u03bd\u03ad\u03c2 \u03c3\u03c4\u03b9\u03b3\u03bc\u03ad\u03c2 \u03c4\u03b7\u03c2 \u03ac\u03bd\u03bf\u03b9\u03be\u03b7\u03c2, \u03cc\u03c4\u03b1\u03bd \u03c4\u03b1 \u03ac\u03bd\u03b8\u03b7 \u03c4\u03b7\u03c2 \u03b4\u03b1\u03bc\u03b1\u03c3\u03ba\u03b7\u03bd\u03b9\u03ac\u03c2 \u03b1\u03c0\u03b5\u03bb\u03b5\u03c5\u03b8\u03b5\u03c1\u03ce\u03bd\u03bf\u03c5\u03bd \u03c4\u03bf \u03b4\u03b9\u03b1\u03ba\u03c1\u03b9\u03c4\u03b9\u03ba\u03cc \u03c4\u03bf\u03c5\u03c2 \u03ac\u03c1\u03c9\u03bc\u03b1 \u03c3\u03c4\u03bf\u03bd \u03b1\u03ad\u03c1\u03b1, \u03c4\u03bf\u00a0<strong data-start=\"317\" data-end=\"351\"><span class=\"OYPEnA font-feature-liga-off font-feature-clig-off font-feature-calt-off text-decoration-none text-strikethrough-none\">S\u00e9r\u00e9nit\u00e9 d\u2019Or<\/span> \u2013 FLEUR DE PRUNIER <\/strong>\u03b3\u03b5\u03bd\u03bd\u03ae\u03b8\u03b7\u03ba\u03b5 \u03c9\u03c2 \u03bc\u03b9\u03b1 \u03c9\u03b4\u03ae \u03c3\u03c4\u03b7 \u03b8\u03b7\u03bb\u03c5\u03ba\u03ae \u03b5\u03c5\u03b1\u03b9\u03c3\u03b8\u03b7\u03c3\u03af\u03b1 \u03ba\u03b1\u03b9 \u03c4\u03b7\u03bd \u03b1\u03c0\u03bb\u03cc\u03c4\u03b7\u03c4\u03b1 \u03c4\u03b7\u03c2 \u03c6\u03c5\u03c3\u03b9\u03ba\u03ae\u03c2 \u03bf\u03bc\u03bf\u03c1\u03c6\u03b9\u03ac\u03c2. \u039c\u03b9\u03b1 \u03c3\u03c4\u03b9\u03b3\u03bc\u03ae \u03b7\u03c1\u03b5\u03bc\u03af\u03b1\u03c2, \u03b5\u03ba\u03b5\u03af \u03cc\u03c0\u03bf\u03c5 \u03b7 \u03c6\u03cd\u03c3\u03b7 \u03be\u03c5\u03c0\u03bd\u03ac \u03ba\u03b1\u03b9 \u03b7 \u03b1\u03cd\u03c1\u03b1 \u03b3\u03b5\u03bc\u03af\u03b6\u03b5\u03b9 \u03c6\u03c9\u03c2, \u03ac\u03c1\u03c9\u03bc\u03b1 \u03ba\u03b1\u03b9 \u03c5\u03c0\u03cc\u03c3\u03c7\u03b5\u03c3\u03b7 \u03b1\u03bd\u03b1\u03bd\u03ad\u03c9\u03c3\u03b7\u03c2.<\/p>\n<p class=\"\" data-start=\"532\" data-end=\"807\">\u0388\u03bd\u03b1 \u03b5\u03ba\u03bb\u03b5\u03c0\u03c4\u03c5\u03c3\u03bc\u03ad\u03bd\u03bf \u03bc\u03b5\u03af\u03b3\u03bc\u03b1 \u03c0\u03bf\u03bb\u03cd\u03c4\u03b9\u03bc\u03c9\u03bd \u03c6\u03c5\u03c4\u03b9\u03ba\u03ce\u03bd \u03b5\u03bb\u03b1\u03af\u03c9\u03bd \u03c7\u03b1\u03c1\u03af\u03b6\u03b5\u03b9 \u03c3\u03c4\u03b7\u03bd \u03b5\u03c0\u03b9\u03b4\u03b5\u03c1\u03bc\u03af\u03b4\u03b1 \u03b2\u03b1\u03b8\u03b9\u03ac \u03b8\u03c1\u03ad\u03c8\u03b7, \u03bc\u03b5\u03c4\u03b1\u03be\u03ad\u03bd\u03b9\u03b1 \u03c5\u03c6\u03ae \u03ba\u03b1\u03b9 \u03b4\u03b9\u03b1\u03ba\u03c1\u03b9\u03c4\u03b9\u03ba\u03ae \u03bb\u03ac\u03bc\u03c8\u03b7 \u03c5\u03b3\u03b5\u03af\u03b1\u03c2. \u0397 \u03c6\u03c5\u03c3\u03b9\u03ba\u03ae mica, \u03ad\u03bd\u03b1 \u03c6\u03c9\u03c4\u03b5\u03b9\u03bd\u03cc \u03bf\u03c1\u03c5\u03ba\u03c4\u03cc, \u03b1\u03b3\u03ba\u03b1\u03bb\u03b9\u03ac\u03b6\u03b5\u03b9 \u03c4\u03bf \u03c3\u03ce\u03bc\u03b1 \u03bc\u03b5 \u03bc\u03b9\u03b1 \u03b1\u03bd\u03ac\u03bb\u03b1\u03c6\u03c1\u03b7, <strong data-start=\"741\" data-end=\"761\">\u03c7\u03c1\u03c5\u03c3\u03b1\u03c6\u03ad\u03bd\u03b9\u03b1 \u03bb\u03ac\u03bc\u03c8\u03b7<\/strong>, \u03c0\u03bf\u03c5 \u03b1\u03bd\u03b1\u03b4\u03b5\u03b9\u03ba\u03bd\u03cd\u03b5\u03b9 \u03ba\u03ac\u03b8\u03b5 \u03c4\u03cc\u03bd\u03bf \u03c4\u03b7\u03c2 \u03b5\u03c0\u03b9\u03b4\u03b5\u03c1\u03bc\u03af\u03b4\u03b1\u03c2.<\/p>\n<p class=\"\" data-start=\"809\" data-end=\"1069\">\u03a4\u03bf \u03ac\u03c1\u03c9\u03bc\u03b1 <strong data-start=\"317\" data-end=\"351\">FLEUR DE PRUNIER<\/strong>, \u03b5\u03bc\u03c0\u03bd\u03b5\u03c5\u03c3\u03bc\u03ad\u03bd\u03bf \u03b1\u03c0\u03cc \u03c4\u03b1 \u03bd\u03c4\u03b5\u03bb\u03b9\u03ba\u03ac\u03c4\u03b1 \u03ac\u03bd\u03b8\u03b7 \u03b4\u03b1\u03bc\u03b1\u03c3\u03ba\u03b7\u03bd\u03b9\u03ac\u03c2, \u03b1\u03c0\u03bf\u03c0\u03bd\u03ad\u03b5\u03b9 <strong data-start=\"894\" data-end=\"945\">\u03b8\u03b7\u03bb\u03c5\u03ba\u03cc\u03c4\u03b7\u03c4\u03b1, \u03c6\u03c1\u03b5\u03c3\u03ba\u03ac\u03b4\u03b1 \u03ba\u03b1\u03b9 \u03b4\u03b9\u03b1\u03ba\u03c1\u03b9\u03c4\u03b9\u03ba\u03cc \u03b1\u03b9\u03c3\u03b8\u03b7\u03c3\u03b9\u03b1\u03c3\u03bc\u03cc<\/strong> \u2013 \u03ad\u03bd\u03b1 \u03b1\u03c1\u03bc\u03bf\u03bd\u03b9\u03ba\u03cc \u03bc\u03b5\u03af\u03b3\u03bc\u03b1 \u03c6\u03c1\u03bf\u03c5\u03c4\u03ce\u03b4\u03bf\u03c5\u03c2 \u03b3\u03bb\u03c5\u03ba\u03cd\u03c4\u03b7\u03c4\u03b1\u03c2, \u03bb\u03bf\u03c5\u03bb\u03bf\u03c5\u03b4\u03ad\u03bd\u03b9\u03b1\u03c2 \u03b1\u03c0\u03b1\u03bb\u03cc\u03c4\u03b7\u03c4\u03b1\u03c2 \u03ba\u03b1\u03b9 \u03bc\u03b9\u03b1\u03c2 \u03b6\u03b5\u03c3\u03c4\u03ae\u03c2, \u03b2\u03b5\u03bb\u03bf\u03cd\u03b4\u03b9\u03bd\u03b7\u03c2 \u03b2\u03ac\u03c3\u03b7\u03c2 \u03c0\u03bf\u03c5 \u03bc\u03ad\u03bd\u03b5\u03b9 \u03c3\u03c4\u03bf \u03b4\u03ad\u03c1\u03bc\u03b1.<\/p>\n<p class=\"\" data-start=\"1071\" data-end=\"1211\">\u0393\u03b9\u03b1 \u03b5\u03ba\u03b5\u03af\u03bd\u03b5\u03c2 \u03c4\u03b9\u03c2 \u03c3\u03c4\u03b9\u03b3\u03bc\u03ad\u03c2 \u03c0\u03bf\u03c5 \u03b8\u03ad\u03bb\u03b5\u03b9\u03c2 \u03cc\u03c7\u03b9 \u03b1\u03c0\u03bb\u03ce\u03c2 \u03bd\u03b1 \u03c0\u03b5\u03c1\u03b9\u03c0\u03bf\u03b9\u03b7\u03b8\u03b5\u03af\u03c2 \u03c4\u03b7\u03bd \u03b5\u03c0\u03b9\u03b4\u03b5\u03c1\u03bc\u03af\u03b4\u03b1 \u03c3\u03bf\u03c5, \u03b1\u03bb\u03bb\u03ac \u03bd\u03b1 \u03c4\u03b7\u03bd \u03bd\u03c4\u03cd\u03c3\u03b5\u03b9\u03c2 \u03bc\u03b5 \u03c6\u03c9\u03c2, \u03ac\u03c1\u03c9\u03bc\u03b1 \u03ba\u03b1\u03b9 \u03b4\u03b9\u03b1\u03c7\u03c1\u03bf\u03bd\u03b9\u03ba\u03ae \u03ba\u03bf\u03bc\u03c8\u03cc\u03c4\u03b7\u03c4\u03b1.<\/p>\n<ul>\n<li data-start=\"646\" data-end=\"1196\">\u03a4\u03bf \u03b5\u03ba\u03c7\u03cd\u03bb\u03b9\u03c3\u03bc\u03b1 \u03ba\u03b9\u03c3\u03c3\u03bf\u03cd (<strong data-start=\"667\" data-end=\"683\">Hedera Helix<\/strong>) \u03b5\u03bd\u03b9\u03c3\u03c7\u03cd\u03b5\u03b9 \u03c4\u03b7 \u03bc\u03b9\u03ba\u03c1\u03bf\u03ba\u03c5\u03ba\u03bb\u03bf\u03c6\u03bf\u03c1\u03af\u03b1, \u03c0\u03c1\u03bf\u03c3\u03c6\u03ad\u03c1\u03b5\u03b9 \u03b1\u03bd\u03b1\u03b6\u03c9\u03bf\u03b3\u03cc\u03bd\u03b7\u03c3\u03b7 \u03ba\u03b1\u03b9 \u03c3\u03c5\u03bc\u03b2\u03ac\u03bb\u03bb\u03b5\u03b9 \u03c3\u03c4\u03b7\u03bd \u03b5\u03bb\u03b1\u03c3\u03c4\u03b9\u03ba\u03cc\u03c4\u03b7\u03c4\u03b1 \u03c4\u03b7\u03c2 \u03b5\u03c0\u03b9\u03b4\u03b5\u03c1\u03bc\u03af\u03b4\u03b1\u03c2, \u03b1\u03c6\u03ae\u03bd\u03bf\u03bd\u03c4\u03ac\u03c2 \u03c4\u03b7 \u03bb\u03b5\u03af\u03b1 \u03ba\u03b1\u03b9 \u03c5\u03b3\u03b9\u03ae.<\/li>\n<li data-start=\"646\" data-end=\"1196\">\u03a4\u03bf \u03ad\u03bb\u03b1\u03b9\u03bf \u03b5\u03bb\u03b9\u03ac\u03c2 (<strong data-start=\"830\" data-end=\"847\">Olea Europaea<\/strong>) \u03b8\u03c1\u03ad\u03c6\u03b5\u03b9 \u03ba\u03b1\u03b9 \u03c0\u03c1\u03bf\u03c3\u03c4\u03b1\u03c4\u03b5\u03cd\u03b5\u03b9 \u03c4\u03bf \u03b4\u03ad\u03c1\u03bc\u03b1, \u03b5\u03bd\u03ce \u03c4\u03bf \u03ad\u03bb\u03b1\u03b9\u03bf \u03b1\u03bc\u03c5\u03b3\u03b4\u03ac\u03bb\u03bf\u03c5 (<strong data-start=\"906\" data-end=\"933\">Prunus Amygdalus Dulcis<\/strong>) \u03c0\u03c1\u03bf\u03c3\u03c6\u03ad\u03c1\u03b5\u03b9 \u03ba\u03b1\u03c4\u03b1\u03c0\u03c1\u03ac\u03c5\u03bd\u03c3\u03b7 \u03ba\u03b1\u03b9 \u03b1\u03c0\u03b1\u03bb\u03cc\u03c4\u03b7\u03c4\u03b1.<\/li>\n<li data-start=\"646\" data-end=\"1196\">\u03a4\u03bf \u03ad\u03bb\u03b1\u03b9\u03bf \u03ba\u03b1\u03c1\u03cd\u03b4\u03b1\u03c2 (<strong data-start=\"990\" data-end=\"1008\">Cocos Nucifera<\/strong>) \u03c7\u03b1\u03c1\u03af\u03b6\u03b5\u03b9 \u03b2\u03b1\u03b8\u03b9\u03ac \u03b5\u03bd\u03c5\u03b4\u03ac\u03c4\u03c9\u03c3\u03b7 \u03ba\u03b1\u03b9 \u03c6\u03c5\u03c3\u03b9\u03ba\u03ae \u03bb\u03ac\u03bc\u03c8\u03b7, \u03b5\u03bd\u03ce \u03c4\u03bf \u03ad\u03bb\u03b1\u03b9\u03bf \u03b2\u03b5\u03c1\u03af\u03ba\u03bf\u03ba\u03bf\u03c5 (<strong data-start=\"1076\" data-end=\"1096\">Prunus Armeniaca<\/strong>), \u03c0\u03bb\u03bf\u03cd\u03c3\u03b9\u03bf \u03c3\u03b5 \u03b2\u03b9\u03c4\u03b1\u03bc\u03af\u03bd\u03b5\u03c2 \u03ba\u03b1\u03b9 \u03b1\u03bd\u03c4\u03b9\u03bf\u03be\u03b5\u03b9\u03b4\u03c9\u03c4\u03b9\u03ba\u03ac, \u03c3\u03c5\u03bc\u03b2\u03ac\u03bb\u03bb\u03b5\u03b9 \u03c3\u03c4\u03b7\u03bd \u03b1\u03c0\u03bf\u03ba\u03b1\u03c4\u03ac\u03c3\u03c4\u03b1\u03c3\u03b7 \u03c4\u03b7\u03c2 \u03b9\u03c3\u03bf\u03c1\u03c1\u03bf\u03c0\u03af\u03b1\u03c2 \u03c4\u03bf\u03c5 \u03b4\u03ad\u03c1\u03bc\u03b1\u03c4\u03bf\u03c2.<\/li>\n<li data-start=\"646\" data-end=\"1196\">\u03a4\u03ad\u03bb\u03bf\u03c2, \u03b7 <strong data-start=\"871\" data-end=\"885\">\u03b2\u03b9\u03c4\u03b1\u03bc\u03af\u03bd\u03b7 \u0395<\/strong>, \u03ad\u03bd\u03b1 \u03b9\u03c3\u03c7\u03c5\u03c1\u03cc \u03c6\u03c5\u03c3\u03b9\u03ba\u03cc \u03b1\u03bd\u03c4\u03b9\u03bf\u03be\u03b5\u03b9\u03b4\u03c9\u03c4\u03b9\u03ba\u03cc, \u03c0\u03c1\u03bf\u03c3\u03c4\u03b1\u03c4\u03b5\u03cd\u03b5\u03b9 \u03c4\u03bf \u03b4\u03ad\u03c1\u03bc\u03b1 \u03b1\u03c0\u03cc \u03c4\u03b7\u03bd \u03c0\u03c1\u03cc\u03c9\u03c1\u03b7 \u03b3\u03ae\u03c1\u03b1\u03bd\u03c3\u03b7, \u03b5\u03bd\u03b9\u03c3\u03c7\u03cd\u03b5\u03b9 \u03c4\u03b7 \u03bb\u03ac\u03bc\u03c8\u03b7 \u03c4\u03bf\u03c5 \u03ba\u03b1\u03b9 \u03c3\u03c5\u03bc\u03b2\u03ac\u03bb\u03bb\u03b5\u03b9 \u03c3\u03c4\u03b7\u03bd \u03c5\u03b3\u03b9\u03ae, \u03b1\u03bd\u03b1\u03bd\u03b5\u03c9\u03bc\u03ad\u03bd\u03b7 \u03c4\u03bf\u03c5 \u03cc\u03c8\u03b7.<\/li>\n<\/ul>\n<p class=\"\" data-start=\"1198\" data-end=\"1347\">\u039f \u03c3\u03c5\u03bd\u03b4\u03c5\u03b1\u03c3\u03bc\u03cc\u03c2 \u03b1\u03c5\u03c4\u03ce\u03bd \u03c4\u03c9\u03bd \u03b5\u03c5\u03b5\u03c1\u03b3\u03b5\u03c4\u03b9\u03ba\u03ce\u03bd \u03c3\u03c5\u03c3\u03c4\u03b1\u03c4\u03b9\u03ba\u03ce\u03bd \u03bc\u03b5\u03c4\u03b1\u03c4\u03c1\u03ad\u03c0\u03b5\u03b9 \u03c4\u03b7\u03bd \u03ba\u03b1\u03b8\u03b7\u03bc\u03b5\u03c1\u03b9\u03bd\u03ae \u03c0\u03b5\u03c1\u03b9\u03c0\u03bf\u03af\u03b7\u03c3\u03b7 \u03c3\u03b5 \u03bc\u03b9\u03b1 \u03b9\u03b5\u03c1\u03ae \u03c3\u03c4\u03b9\u03b3\u03bc\u03ae \u03c7\u03b1\u03bb\u03ac\u03c1\u03c9\u03c3\u03b7\u03c2, \u03b8\u03b7\u03bb\u03c5\u03ba\u03cc\u03c4\u03b7\u03c4\u03b1\u03c2 \u03ba\u03b1\u03b9 \u03c6\u03c5\u03c3\u03b9\u03ba\u03ae\u03c2 \u03c0\u03bf\u03bb\u03c5\u03c4\u03ad\u03bb\u03b5\u03b9\u03b1\u03c2.<\/p>","protected":false},"excerpt":{"rendered":"<p class=\"\" data-start=\"184\" data-end=\"245\"><strong data-start=\"184\" data-end=\"245\">\u0395\u03bd\u03c5\u03b4\u03b1\u03c4\u03b9\u03ba\u03cc \u03bb\u03ac\u03b4\u03b9 \u03c3\u03ce\u03bc\u03b1\u03c4\u03bf\u03c2 \u03bc\u03b5 \u03c6\u03c5\u03c3\u03b9\u03ba\u03ae \u03bb\u03ac\u03bc\u03c8\u03b7 &amp; \u03b1\u03b9\u03c3\u03b8\u03b7\u03c3\u03b9\u03b1\u03ba\u03cc \u03ac\u03c1\u03c9\u03bc\u03b1<\/strong><\/p>\n<p class=\"\" data-start=\"247\" data-end=\"543\">\u0391\u03bd\u03b1\u03ba\u03b1\u03bb\u03cd\u03c8\u03c4\u03b5 \u03c4\u03b7\u03bd \u03c0\u03bf\u03bb\u03c5\u03c4\u03ad\u03bb\u03b5\u03b9\u03b1 \u03c4\u03b7\u03c2 \u03c0\u03b5\u03c1\u03b9\u03c0\u03bf\u03af\u03b7\u03c3\u03b7\u03c2 \u03bc\u03b5 \u03c4\u03bf <strong data-start=\"295\" data-end=\"332\">Luminous Body Oil \u2013 <span class=\"OYPEnA font-feature-liga-off font-feature-clig-off font-feature-calt-off text-decoration-none text-strikethrough-none\">S\u00e9r\u00e9nit\u00e9 d\u2019Or<\/span><\/strong>, \u03ad\u03bd\u03b1\u03bd \u03b2\u03b5\u03bb\u03bf\u03cd\u03b4\u03b9\u03bd\u03bf \u03c3\u03c5\u03bd\u03b4\u03c5\u03b1\u03c3\u03bc\u03cc \u03b8\u03c1\u03ad\u03c8\u03b7\u03c2, \u03bb\u03ac\u03bc\u03c8\u03b7\u03c2 \u03ba\u03b1\u03b9 \u03b1\u03c1\u03c9\u03bc\u03b1\u03c4\u03b9\u03ba\u03ae\u03c2 \u03b1\u03c0\u03cc\u03bb\u03b1\u03c5\u03c3\u03b7\u03c2. \u039c\u03b5 \u03ad\u03bb\u03b1\u03b9\u03b1 <strong data-start=\"409\" data-end=\"452\">\u03ba\u03b1\u03c1\u03cd\u03b4\u03b1\u03c2, <\/strong><strong data-start=\"409\" data-end=\"452\">\u03b5\u03bb\u03b9\u03ac\u03c2, \u03b1\u03bc\u03c5\u03b3\u03b4\u03ac\u03bb\u03bf\u03c5\u00a0 \u03ba\u03b1\u03b9 \u03b2\u03b5\u03c1\u03af\u03ba\u03bf\u03ba\u03bf\u03c5<\/strong>, \u03b5\u03bd\u03c5\u03b4\u03b1\u03c4\u03ce\u03bd\u03b5\u03b9 \u03c3\u03b5 \u03b2\u03ac\u03b8\u03bf\u03c2 \u03ba\u03b1\u03b9 \u03b1\u03c6\u03ae\u03bd\u03b5\u03b9 \u03c4\u03b7\u03bd \u03b5\u03c0\u03b9\u03b4\u03b5\u03c1\u03bc\u03af\u03b4\u03b1 \u03b1\u03c0\u03b1\u03bb\u03ae \u03ba\u03b1\u03b9 \u03bb\u03b1\u03bc\u03c0\u03b5\u03c1\u03ae. \u0395\u03bc\u03c0\u03bb\u03bf\u03c5\u03c4\u03b9\u03c3\u03bc\u03ad\u03bd\u03bf \u03bc\u03b5 <strong data-start=\"511\" data-end=\"525\">\u03b2\u03b9\u03c4\u03b1\u03bc\u03af\u03bd\u03b7 \u0395<\/strong> \u03ba\u03b1\u03b9 <strong data-start=\"530\" data-end=\"557\">\u03b5\u03ba\u03c7\u03cd\u03bb\u03b9\u03c3\u03bc\u03b1 \u03c6\u03cd\u03bb\u03bb\u03c9\u03bd \u03ba\u03b9\u03c3\u03c3\u03bf\u03cd<\/strong>, \u03c0\u03c1\u03bf\u03c3\u03c4\u03b1\u03c4\u03b5\u03cd\u03b5\u03b9 \u03ba\u03b1\u03b9 \u03b8\u03c1\u03ad\u03c6\u03b5\u03b9 \u03c3\u03b5 \u03b2\u03ac\u03b8\u03bf\u03c2.<\/p>\n<p class=\"\" data-start=\"545\" data-end=\"826\">\u03a4\u03bf \u03ac\u03c1\u03c9\u03bc\u03b1 <strong data-start=\"317\" data-end=\"351\">FLEUR DE PRUNIER<\/strong>, \u03b5\u03bc\u03c0\u03bd\u03b5\u03c5\u03c3\u03bc\u03ad\u03bd\u03bf \u03b1\u03c0\u03cc \u03c4\u03b1 \u03b5\u03ba\u03bb\u03b5\u03c0\u03c4\u03c5\u03c3\u03bc\u03ad\u03bd\u03b1 <strong data-start=\"606\" data-end=\"626\">\u03ac\u03bd\u03b8\u03b7 \u03b4\u03b1\u03bc\u03b1\u03c3\u03ba\u03b7\u03bd\u03b9\u03ac\u03c2<\/strong>, \u03b1\u03b3\u03ba\u03b1\u03bb\u03b9\u03ac\u03b6\u03b5\u03b9 \u03c4\u03b7\u03bd \u03b5\u03c0\u03b9\u03b4\u03b5\u03c1\u03bc\u03af\u03b4\u03b1 \u03bc\u03b5 \u03bc\u03b9\u03b1 <strong data-start=\"661\" data-end=\"697\">\u03b3\u03bb\u03c5\u03ba\u03b9\u03ac, \u03b8\u03b7\u03bb\u03c5\u03ba\u03ae \u03ba\u03b1\u03b9 \u03c6\u03c1\u03bf\u03c5\u03c4\u03ce\u03b4\u03b7 \u03b1\u03cd\u03c1\u03b1<\/strong>, \u03cc\u03c0\u03bf\u03c5 \u03b7 \u03c6\u03c1\u03b5\u03c3\u03ba\u03ac\u03b4\u03b1 \u03c4\u03c9\u03bd \u03b5\u03c3\u03c0\u03b5\u03c1\u03b9\u03b4\u03bf\u03b5\u03b9\u03b4\u03ce\u03bd \u03c3\u03c5\u03bd\u03b1\u03bd\u03c4\u03ac \u03b4\u03b9\u03b1\u03ba\u03c1\u03b9\u03c4\u03b9\u03ba\u03ac \u03bb\u03bf\u03c5\u03bb\u03bf\u03c5\u03b4\u03ad\u03bd\u03b9\u03b1 \u03c3\u03c4\u03bf\u03b9\u03c7\u03b5\u03af\u03b1 \u03ba\u03b1\u03b9 \u03bc\u03b9\u03b1 \u03b6\u03b5\u03c3\u03c4\u03ae, \u03b1\u03b9\u03c3\u03b8\u03b7\u03c3\u03b9\u03b1\u03ba\u03ae \u03b2\u03ac\u03c3\u03b7 \u03b1\u03c0\u03cc <strong>\u03b2\u03b1\u03bd\u03af\u03bb\u03b9\u03b1 \u03ba\u03b1\u03b9 \u03bc\u03cc\u03c3\u03c7\u03bf.<\/strong><\/p>\n<p class=\"\" data-start=\"828\" data-end=\"978\">\u0399\u03b4\u03b1\u03bd\u03b9\u03ba\u03cc \u03b3\u03b9\u03b1 \u03ba\u03b1\u03b8\u03b7\u03bc\u03b5\u03c1\u03b9\u03bd\u03ae \u03c7\u03c1\u03ae\u03c3\u03b7 \u03ae \u03c9\u03c2 \u03c4\u03b5\u03bb\u03b9\u03ba\u03ae \u03c0\u03b9\u03bd\u03b5\u03bb\u03b9\u03ac \u03c0\u03c1\u03b9\u03bd \u03b1\u03c0\u03cc \u03bc\u03b9\u03b1 \u03be\u03b5\u03c7\u03c9\u03c1\u03b9\u03c3\u03c4\u03ae \u03ad\u03be\u03bf\u03b4\u03bf \u2013 \u03b3\u03b9\u03b1 \u03b5\u03c0\u03b9\u03b4\u03b5\u03c1\u03bc\u03af\u03b4\u03b1 \u03c0\u03bf\u03c5 \u03b1\u03ba\u03c4\u03b9\u03bd\u03bf\u03b2\u03bf\u03bb\u03b5\u03af \u03c5\u03b3\u03b5\u03af\u03b1, \u03ba\u03bf\u03bc\u03c8\u03cc\u03c4\u03b7\u03c4\u03b1 \u03ba\u03b1\u03b9 \u03b4\u03b9\u03b1\u03ba\u03c1\u03b9\u03c4\u03b9\u03ba\u03ae \u03c3\u03b1\u03b3\u03ae\u03bd\u03b7.<\/p>\n<p>&nbsp;<\/p>","protected":false},"featured_media":1157,"template":"","meta":{"_acf_changed":false},"product_brand":[],"product_cat":[28,27,19],"product_tag":[31,32,33,34,35],"class_list":{"0":"post-85","1":"product","2":"type-product","3":"status-publish","4":"has-post-thumbnail","6":"product_cat-elaia-body","7":"product_cat-enydatosi","8":"product_cat-body","9":"product_tag-animal-friendly","10":"product_tag-gmo-free","11":"product_tag-paraben-free","12":"product_tag-recyclable","13":"product_tag-silicone-free","15":"first","16":"instock","17":"sale","18":"taxable","19":"shipping-taxable","20":"purchasable","21":"product-type-simple"},"acf":[],"_links":{"self":[{"href":"https:\/\/beautyandvintage.com\/en\/wp-json\/wp\/v2\/product\/85","targetHints":{"allow":["GET"]}}],"collection":[{"href":"https:\/\/beautyandvintage.com\/en\/wp-json\/wp\/v2\/product"}],"about":[{"href":"https:\/\/beautyandvintage.com\/en\/wp-json\/wp\/v2\/types\/product"}],"wp:featuredmedia":[{"embeddable":true,"href":"https:\/\/beautyandvintage.com\/en\/wp-json\/wp\/v2\/media\/1157"}],"wp:attachment":[{"href":"https:\/\/beautyandvintage.com\/en\/wp-json\/wp\/v2\/media?parent=85"}],"wp:term":[{"taxonomy":"product_brand","embeddable":true,"href":"https:\/\/beautyandvintage.com\/en\/wp-json\/wp\/v2\/product_brand?post=85"},{"taxonomy":"product_cat","embeddable":true,"href":"https:\/\/beautyandvintage.com\/en\/wp-json\/wp\/v2\/product_cat?post=85"},{"taxonomy":"product_tag","embeddable":true,"href":"https:\/\/beautyandvintage.com\/en\/wp-json\/wp\/v2\/product_tag?post=85"}],"curies":[{"name":"wp","href":"https:\/\/api.w.org\/{rel}","templated":true}]}}