{"id":1120,"date":"2025-09-30T15:47:10","date_gmt":"2025-09-30T12:47:10","guid":{"rendered":"https:\/\/beautyandvintage.com\/?post_type=product&#038;p=1120"},"modified":"2026-03-08T01:07:35","modified_gmt":"2026-03-07T22:07:35","slug":"combo-set-1","status":"publish","type":"product","link":"https:\/\/beautyandvintage.com\/en\/product\/combo-set-1\/","title":{"rendered":"Combo Set 1"},"content":{"rendered":"","protected":false},"excerpt":{"rendered":"<h5 data-start=\"184\" data-end=\"245\"><strong data-start=\"184\" data-end=\"245\">Luminous Body Oil \u2013 <span class=\"OYPEnA font-feature-liga-off font-feature-clig-off font-feature-calt-off text-decoration-none text-strikethrough-none\">S\u00e9r\u00e9nit\u00e9 d\u2019Or<\/span> <\/strong><\/h5>\n<h5 data-start=\"184\" data-end=\"245\"><strong data-start=\"184\" data-end=\"245\">\u0395\u03bd\u03c5\u03b4\u03b1\u03c4\u03b9\u03ba\u03cc \u03bb\u03ac\u03b4\u03b9 \u03c3\u03ce\u03bc\u03b1\u03c4\u03bf\u03c2 \u03bc\u03b5 \u03c6\u03c5\u03c3\u03b9\u03ba\u03ae \u03bb\u03ac\u03bc\u03c8\u03b7 &amp; \u03b1\u03b9\u03c3\u03b8\u03b7\u03c3\u03b9\u03b1\u03ba\u03cc \u03ac\u03c1\u03c9\u03bc\u03b1<\/strong><\/h5>\n<p class=\"\" data-start=\"247\" data-end=\"543\">\u0391\u03bd\u03b1\u03ba\u03b1\u03bb\u03cd\u03c8\u03c4\u03b5 \u03c4\u03b7\u03bd \u03c0\u03bf\u03bb\u03c5\u03c4\u03ad\u03bb\u03b5\u03b9\u03b1 \u03c4\u03b7\u03c2 \u03c0\u03b5\u03c1\u03b9\u03c0\u03bf\u03af\u03b7\u03c3\u03b7\u03c2 \u03bc\u03b5 \u03c4\u03bf <strong data-start=\"295\" data-end=\"332\">Luminous Body Oil \u2013 <span class=\"OYPEnA font-feature-liga-off font-feature-clig-off font-feature-calt-off text-decoration-none text-strikethrough-none\">S\u00e9r\u00e9nit\u00e9 d\u2019Or<\/span><\/strong>, \u03ad\u03bd\u03b1\u03bd \u03b2\u03b5\u03bb\u03bf\u03cd\u03b4\u03b9\u03bd\u03bf \u03c3\u03c5\u03bd\u03b4\u03c5\u03b1\u03c3\u03bc\u03cc \u03b8\u03c1\u03ad\u03c8\u03b7\u03c2, \u03bb\u03ac\u03bc\u03c8\u03b7\u03c2 \u03ba\u03b1\u03b9 \u03b1\u03c1\u03c9\u03bc\u03b1\u03c4\u03b9\u03ba\u03ae\u03c2 \u03b1\u03c0\u03cc\u03bb\u03b1\u03c5\u03c3\u03b7\u03c2. \u039c\u03b5 \u03ad\u03bb\u03b1\u03b9\u03b1 <strong data-start=\"409\" data-end=\"452\">\u03ba\u03b1\u03c1\u03cd\u03b4\u03b1\u03c2, <\/strong><strong data-start=\"409\" data-end=\"452\">\u03b5\u03bb\u03b9\u03ac\u03c2, \u03b1\u03bc\u03c5\u03b3\u03b4\u03ac\u03bb\u03bf\u03c5\u00a0 \u03ba\u03b1\u03b9 \u03b2\u03b5\u03c1\u03af\u03ba\u03bf\u03ba\u03bf\u03c5<\/strong>, \u03b5\u03bd\u03c5\u03b4\u03b1\u03c4\u03ce\u03bd\u03b5\u03b9 \u03c3\u03b5 \u03b2\u03ac\u03b8\u03bf\u03c2 \u03ba\u03b1\u03b9 \u03b1\u03c6\u03ae\u03bd\u03b5\u03b9 \u03c4\u03b7\u03bd \u03b5\u03c0\u03b9\u03b4\u03b5\u03c1\u03bc\u03af\u03b4\u03b1 \u03b1\u03c0\u03b1\u03bb\u03ae \u03ba\u03b1\u03b9 \u03bb\u03b1\u03bc\u03c0\u03b5\u03c1\u03ae. \u0395\u03bc\u03c0\u03bb\u03bf\u03c5\u03c4\u03b9\u03c3\u03bc\u03ad\u03bd\u03bf \u03bc\u03b5 <strong data-start=\"511\" data-end=\"525\">\u03b2\u03b9\u03c4\u03b1\u03bc\u03af\u03bd\u03b7 \u0395<\/strong> \u03ba\u03b1\u03b9 <strong data-start=\"530\" data-end=\"557\">\u03b5\u03ba\u03c7\u03cd\u03bb\u03b9\u03c3\u03bc\u03b1 \u03c6\u03cd\u03bb\u03bb\u03c9\u03bd \u03ba\u03b9\u03c3\u03c3\u03bf\u03cd<\/strong>, \u03c0\u03c1\u03bf\u03c3\u03c4\u03b1\u03c4\u03b5\u03cd\u03b5\u03b9 \u03ba\u03b1\u03b9 \u03b8\u03c1\u03ad\u03c6\u03b5\u03b9 \u03c3\u03b5 \u03b2\u03ac\u03b8\u03bf\u03c2. \u03a4\u03bf \u03ac\u03c1\u03c9\u03bc\u03b1 <strong data-start=\"317\" data-end=\"351\">FLEUR DE PRUNIER<\/strong>, \u03b5\u03bc\u03c0\u03bd\u03b5\u03c5\u03c3\u03bc\u03ad\u03bd\u03bf \u03b1\u03c0\u03cc \u03c4\u03b1 \u03b5\u03ba\u03bb\u03b5\u03c0\u03c4\u03c5\u03c3\u03bc\u03ad\u03bd\u03b1 <strong data-start=\"606\" data-end=\"626\">\u03ac\u03bd\u03b8\u03b7 \u03b4\u03b1\u03bc\u03b1\u03c3\u03ba\u03b7\u03bd\u03b9\u03ac\u03c2<\/strong>, \u03b1\u03b3\u03ba\u03b1\u03bb\u03b9\u03ac\u03b6\u03b5\u03b9 \u03c4\u03b7\u03bd \u03b5\u03c0\u03b9\u03b4\u03b5\u03c1\u03bc\u03af\u03b4\u03b1 \u03bc\u03b5 \u03bc\u03b9\u03b1 <strong data-start=\"661\" data-end=\"697\">\u03b3\u03bb\u03c5\u03ba\u03b9\u03ac, \u03b8\u03b7\u03bb\u03c5\u03ba\u03ae \u03ba\u03b1\u03b9 \u03c6\u03c1\u03bf\u03c5\u03c4\u03ce\u03b4\u03b7 \u03b1\u03cd\u03c1\u03b1<\/strong>, \u03cc\u03c0\u03bf\u03c5 \u03b7 \u03c6\u03c1\u03b5\u03c3\u03ba\u03ac\u03b4\u03b1 \u03c4\u03c9\u03bd \u03b5\u03c3\u03c0\u03b5\u03c1\u03b9\u03b4\u03bf\u03b5\u03b9\u03b4\u03ce\u03bd \u03c3\u03c5\u03bd\u03b1\u03bd\u03c4\u03ac \u03b4\u03b9\u03b1\u03ba\u03c1\u03b9\u03c4\u03b9\u03ba\u03ac \u03bb\u03bf\u03c5\u03bb\u03bf\u03c5\u03b4\u03ad\u03bd\u03b9\u03b1 \u03c3\u03c4\u03bf\u03b9\u03c7\u03b5\u03af\u03b1 \u03ba\u03b1\u03b9 \u03bc\u03b9\u03b1 \u03b6\u03b5\u03c3\u03c4\u03ae, \u03b1\u03b9\u03c3\u03b8\u03b7\u03c3\u03b9\u03b1\u03ba\u03ae \u03b2\u03ac\u03c3\u03b7 \u03b1\u03c0\u03cc <strong>\u03b2\u03b1\u03bd\u03af\u03bb\u03b9\u03b1 \u03ba\u03b1\u03b9 \u03bc\u03cc\u03c3\u03c7\u03bf.<\/strong><\/p>\n<h5>FLEUR Neroli Oil<\/h5>\n<h5><strong data-start=\"184\" data-end=\"245\">\u0395\u03bd\u03c5\u03b4\u03b1\u03c4\u03b9\u03ba\u03cc \u03c0\u03bf\u03bb\u03c5\u03c7\u03c1\u03b7\u03c3\u03c4\u03b9\u03ba\u03cc \u03bb\u03ac\u03b4\u03b9 \u03a0\u03c1\u03bf\u03c3\u03ce\u03c0\u03bf\u03c5, \u03a3\u03ce\u03bc\u03b1\u03c4\u03bf\u03c2\u00a0 &amp; \u039c\u03b1\u03bb\u03bb\u03b9\u03ce\u03bd<\/strong><\/h5>\n<p>\u03a4\u03bf FLEUR Neroli Oil \u03b5\u03af\u03bd\u03b1\u03b9 \u03ad\u03bd\u03b1 100% \u03c6\u03c5\u03c3\u03b9\u03ba\u03cc, \u03c0\u03bf\u03bb\u03c5\u03c7\u03c1\u03b7\u03c3\u03c4\u03b9\u03ba\u03cc \u03ad\u03bb\u03b1\u03b9\u03bf \u03c0\u03bf\u03c5 \u03b8\u03c1\u03ad\u03c6\u03b5\u03b9, \u03b5\u03bd\u03c5\u03b4\u03b1\u03c4\u03ce\u03bd\u03b5\u03b9 \u03ba\u03b1\u03b9 \u03c0\u03c1\u03bf\u03c3\u03c4\u03b1\u03c4\u03b5\u03cd\u03b5\u03b9 \u03c4\u03b7\u03bd \u03b5\u03c0\u03b9\u03b4\u03b5\u03c1\u03bc\u03af\u03b4\u03b1 \u03ba\u03b1\u03b9 \u03c4\u03b1 \u03bc\u03b1\u03bb\u03bb\u03b9\u03ac, \u03c7\u03b1\u03c1\u03af\u03b6\u03bf\u03bd\u03c4\u03b1\u03c2 \u03bc\u03b5\u03c4\u03b1\u03be\u03ad\u03bd\u03b9\u03b1 \u03c5\u03c6\u03ae \u03ba\u03b1\u03b9 \u03c5\u03b3\u03b9\u03ae \u03bb\u03ac\u03bc\u03c8\u03b7. \u039c\u03b5 \u03b2\u03ac\u03c3\u03b7 \u03c4\u03bf <strong>\u03b1\u03bc\u03c5\u03b3\u03b4\u03b1\u03bb\u03ad\u03bb\u03b1\u03b9\u03bf<\/strong> \u03ba\u03b1\u03b9 \u03c4\u03bf <strong>\u03ad\u03bb\u03b1\u03b9\u03bf \u03ba\u03bf\u03bb\u03bf\u03ba\u03cd\u03b8\u03b1\u03c2<\/strong>, \u03b5\u03bc\u03c0\u03bb\u03bf\u03c5\u03c4\u03b9\u03c3\u03bc\u03ad\u03bd\u03bf \u03bc\u03b5 <strong>\u03b5\u03ba\u03c7\u03c5\u03bb\u03af\u03c3\u03bc\u03b1\u03c4\u03b1 \u03bc\u03b1\u03c3\u03c4\u03af\u03c7\u03b1\u03c2<\/strong>, <strong>\u03ba\u03b1\u03bb\u03ad\u03bd\u03c4\u03bf\u03c5\u03bb\u03b1\u03c2<\/strong> \u03ba\u03b1\u03b9 <strong>\u03b2\u03b9\u03c4\u03b1\u03bc\u03af\u03bd\u03b7 \u0395<\/strong>, \u03c0\u03c1\u03bf\u03c3\u03c6\u03ad\u03c1\u03b5\u03b9 \u03b2\u03b1\u03b8\u03b9\u03ac \u03c6\u03c1\u03bf\u03bd\u03c4\u03af\u03b4\u03b1 \u03ba\u03b1\u03b9 \u03b1\u03bd\u03c4\u03b9\u03bf\u03be\u03b5\u03b9\u03b4\u03c9\u03c4\u03b9\u03ba\u03ae \u03c0\u03c1\u03bf\u03c3\u03c4\u03b1\u03c3\u03af\u03b1.<\/p>\n<p class=\"\" data-start=\"432\" data-end=\"757\">\u0391\u03c1\u03c9\u03bc\u03b1\u03c4\u03b9\u03c3\u03bc\u03ad\u03bd\u03bf \u03bc\u03b5 \u03c4\u03bf \u03c0\u03bf\u03bb\u03cd\u03c4\u03b9\u03bc\u03bf <strong>\u03b1\u03b9\u03b8\u03ad\u03c1\u03b9\u03bf \u03ad\u03bb\u03b1\u03b9\u03bf \u03bd\u03b5\u03c1\u03bf\u03bb\u03af<\/strong>, \u03b3\u03bd\u03c9\u03c3\u03c4\u03cc \u03b3\u03b9\u03b1 \u03c4\u03b7\u03bd \u03c5\u03c8\u03b7\u03bb\u03ae \u03c4\u03bf\u03c5 \u03b1\u03be\u03af\u03b1 \u03ba\u03b1\u03b9 \u03c4\u03b9\u03c2 \u03c7\u03b1\u03bb\u03b1\u03c1\u03c9\u03c4\u03b9\u03ba\u03ad\u03c2 \u03c4\u03bf\u03c5 \u03b9\u03b4\u03b9\u03cc\u03c4\u03b7\u03c4\u03b5\u03c2, \u03c4\u03c5\u03bb\u03af\u03b3\u03b5\u03b9 \u03c4\u03b7\u03bd \u03b5\u03c0\u03b9\u03b4\u03b5\u03c1\u03bc\u03af\u03b4\u03b1 \u03c3\u03b5 \u03ad\u03bd\u03b1 \u03c6\u03af\u03bd\u03bf \u03ac\u03c1\u03c9\u03bc\u03b1 \u03c0\u03bf\u03c5 \u03b8\u03c5\u03bc\u03af\u03b6\u03b5\u03b9 <strong data-start=\"604\" data-end=\"669\">\u03b1\u03bd\u03b8\u03b9\u03c3\u03bc\u03ad\u03bd\u03b5\u03c2 \u03c0\u03bf\u03c1\u03c4\u03bf\u03ba\u03b1\u03bb\u03b9\u03ad\u03c2, \u03b1\u03bd\u03bf\u03b9\u03be\u03b9\u03ac\u03c4\u03b9\u03ba\u03b7 \u03b1\u03cd\u03c1\u03b1 \u03ba\u03b1\u03b9 \u03ba\u03b1\u03b8\u03b1\u03c1\u03ae \u03ba\u03bf\u03bc\u03c8\u03cc\u03c4\u03b7\u03c4\u03b1<\/strong>. \u039c\u03b9\u03b1 \u03b5\u03bc\u03c0\u03b5\u03b9\u03c1\u03af\u03b1 \u03c0\u03b5\u03c1\u03b9\u03c0\u03bf\u03af\u03b7\u03c3\u03b7\u03c2 \u03c0\u03bf\u03c5 \u03b5\u03bd\u03ce\u03bd\u03b5\u03b9 \u03c4\u03b7\u03bd \u03b1\u03b3\u03bd\u03cc\u03c4\u03b7\u03c4\u03b1 \u03c4\u03b7\u03c2 \u03c6\u03cd\u03c3\u03b7\u03c2 \u03bc\u03b5 \u03c4\u03b7\u03bd \u03b1\u03af\u03c3\u03b8\u03b7\u03c3\u03b7 \u03c0\u03bf\u03bb\u03c5\u03c4\u03ad\u03bb\u03b5\u03b9\u03b1\u03c2.<\/p>","protected":false},"featured_media":1123,"template":"","meta":{"_acf_changed":false},"product_brand":[],"product_cat":[20],"product_tag":[],"class_list":{"0":"post-1120","1":"product","2":"type-product","3":"status-publish","4":"has-post-thumbnail","6":"product_cat-gift-sets","8":"first","9":"instock","10":"sale","11":"taxable","12":"shipping-taxable","13":"purchasable","14":"product-type-simple"},"acf":[],"_links":{"self":[{"href":"https:\/\/beautyandvintage.com\/en\/wp-json\/wp\/v2\/product\/1120","targetHints":{"allow":["GET"]}}],"collection":[{"href":"https:\/\/beautyandvintage.com\/en\/wp-json\/wp\/v2\/product"}],"about":[{"href":"https:\/\/beautyandvintage.com\/en\/wp-json\/wp\/v2\/types\/product"}],"wp:featuredmedia":[{"embeddable":true,"href":"https:\/\/beautyandvintage.com\/en\/wp-json\/wp\/v2\/media\/1123"}],"wp:attachment":[{"href":"https:\/\/beautyandvintage.com\/en\/wp-json\/wp\/v2\/media?parent=1120"}],"wp:term":[{"taxonomy":"product_brand","embeddable":true,"href":"https:\/\/beautyandvintage.com\/en\/wp-json\/wp\/v2\/product_brand?post=1120"},{"taxonomy":"product_cat","embeddable":true,"href":"https:\/\/beautyandvintage.com\/en\/wp-json\/wp\/v2\/product_cat?post=1120"},{"taxonomy":"product_tag","embeddable":true,"href":"https:\/\/beautyandvintage.com\/en\/wp-json\/wp\/v2\/product_tag?post=1120"}],"curies":[{"name":"wp","href":"https:\/\/api.w.org\/{rel}","templated":true}]}}